{"id":4940,"date":"2025-08-26T07:16:51","date_gmt":"2025-08-26T07:16:51","guid":{"rendered":"https:\/\/vintagellamoda.com\/shipping-policy\/"},"modified":"2025-12-10T07:59:30","modified_gmt":"2025-12-10T07:59:30","slug":"shipping-policy","status":"publish","type":"page","link":"https:\/\/vintagellamoda.com\/de\/shipping-policy\/","title":{"rendered":"Shipping Policy"},"content":{"rendered":"<div class=\"wpb-content-wrapper\"><p>[vc_section][vc_row full_width=&#8220;stretch_row_content_no_spaces&#8220; css=&#8220;.vc_custom_1746774039900{padding-top: 60px !important;padding-bottom: 100px !important;background-color: #FBF9F9 !important;}&#8220;][vc_column]<div class=\"eltdf-section-title-holder\" style=\"text-align: center\">\n\t\t\t\t<h2 class=\"eltdf-st-title\" >\n\t\t\t<span>Versandbedingungen<\/span>\n\t\t<\/h2>\n\t\t<\/div>[\/vc_column][\/vc_row][vc_row css=&#8220;.vc_custom_1746774092791{padding-bottom: 100px !important;}&#8220;][vc_column][vc_column_text css=&#8220;&#8220;]<strong>Zahlung und Versand<\/strong><\/p>\n<p>Es gelten folgende Bedingungen:<\/p>\n<p>Die Lieferung erfolgt nur innerhalb Deutschlands.<\/p>\n<p><strong>Versandkosten<\/strong> (inklusive gesetzlicher Mehrwertsteuer)<\/p>\n<p>Wir erheben lediglich f\u00fcr die Retoure 6 EURO. Versandkosten sind im Verkaufspreis pauschal ber\u00fccksichtigt. <\/p>\n<p><strong>Lieferfristen<\/strong><\/p>\n<p>Soweit im jeweiligen Angebot keine andere Frist angegeben ist, erfolgt die Lieferung der Ware innerhalb von Deutschland innerhalb von 3\u20135 Tagen nach Vertragsschluss (bei vereinbarter Vorauszahlung nach dem Zeitpunkt Ihrer Zahlungsanweisung).<\/p>\n<p>Beachten Sie, dass an Sonn- und Feiertagen keine Zustellung erfolgt.<\/p>\n<p>Haben Sie Artikel mit unterschiedlichen Lieferzeiten bestellt, wird die Ware in einer gemeinsamen Sendung versandt, sofern wir keine abweichenden Vereinbarungen mit Ihnen getroffen haben. Die Lieferzeit bestimmt sich in diesem Fall nach dem Artikel mit der l\u00e4ngsten Lieferzeit, den Sie bestellt haben. <\/p>\n<p><strong>Widerrufsfrist f\u00fcr Online-Shops (nach BGB)<\/strong><\/p>\n<p>Sie haben 14 Tage Zeit f\u00fcr den Widerruf. Diese 14-t\u00e4gige Widerrufsfrist beginnt ab dem Tag, nachdem die Ware durch den K\u00e4ufer\/die K\u00e4uferin oder seine\/ihre bevollm\u00e4chtigte Vertretung erhalten wurde. Innerhalb dieser 14 Tage muss der Widerruf per E-Mail oder Brief erkl\u00e4rt werden.  <\/p>\n<p><strong>Ersatzlieferungen <\/strong><\/p>\n<p>Ersatzlieferungen sind bei Vintage-\/gebrauchter Ware nicht m\u00f6glich, stattdessen erhalten Sie eine Gutschrift abz\u00fcglich 6 EURO Retourenkosten. F\u00fcr die Retoure arbeiten wir ausschlie\u00dflich nur mit DHL Deutschland (Anschrift f\u00fcr die Retoure wird Ihnen per E-Mail mitgeteilt. <\/p>\n<p><strong>Akzeptierte Zahlungsm\u00f6glichkeiten<\/strong><\/p>\n<ul>\n<li>Vorkasse per \u00dcberweisung (Bankdaten werden Ihnen nach Bestellung per E-Mail mitgeteilt)<\/li>\n<\/ul>\n<p><strong>\u00dcber Unzer:<\/strong><\/p>\n<ul>\n<li>Zahlung per PayPal<\/li>\n<li>Zahlung per Kreditkarte<\/li>\n<li>Zahlung per \u201eSp\u00e4ter bezahlen\u201c<\/li>\n<\/ul>\n<p>Bei Fragen finden Sie unsere Kontaktdaten im Impressum.[\/vc_column_text][\/vc_column][\/vc_row][\/vc_section]<\/p>\n<\/div>","protected":false},"excerpt":{"rendered":"<p>[vc_section][vc_row full_width=&#8220;stretch_row_content_no_spaces&#8220; css=&#8220;.vc_custom_1746774039900{padding-top: 60px !important;padding-bottom: 100px !important;background-color: #FBF9F9 !important;}&#8220;][vc_column][\/vc_column][\/vc_row][vc_row css=&#8220;.vc_custom_1746774092791{padding-bottom: 100px !important;}&#8220;][vc_column][vc_column_text css=&#8220;&#8220;]Zahlung und Versand Es gelten folgende Bedingungen: Die Lieferung erfolgt nur innerhalb Deutschlands. Versandkosten (inklusive gesetzlicher Mehrwertsteuer) Wir erheben lediglich f\u00fcr die Retoure 6 EURO. Versandkosten sind im [&hellip;]<\/p>\n","protected":false},"author":3,"featured_media":0,"parent":0,"menu_order":0,"comment_status":"closed","ping_status":"closed","template":"","meta":{"footnotes":""},"folder":[],"class_list":["post-4940","page","type-page","status-publish","hentry"],"yoast_head":"<!-- This site is optimized with the Yoast SEO plugin v27.3 - https:\/\/yoast.com\/product\/yoast-seo-wordpress\/ -->\n<title>Versandbedingungen Deutschland \u2013 Zahlung &amp; Lieferung bei Vintagella Moda<\/title>\n<meta name=\"description\" content=\"Erfahren Sie alles \u00fcber unsere Versandbedingungen in Deutschland, Lieferzeiten, Retouren und Zahlungsm\u00f6glichkeiten bei Vintagella Moda. Versandbedingungen Deutschland inklusive.\" \/>\n<meta name=\"robots\" content=\"index, follow, max-snippet:-1, max-image-preview:large, max-video-preview:-1\" \/>\n<link rel=\"canonical\" href=\"https:\/\/vintagellamoda.com\/de\/shipping-policy\/\" \/>\n<meta property=\"og:locale\" content=\"de_DE\" \/>\n<meta property=\"og:type\" content=\"article\" \/>\n<meta property=\"og:title\" content=\"Versandbedingungen Deutschland \u2013 Zahlung &amp; Lieferung bei Vintagella Moda\" \/>\n<meta property=\"og:description\" content=\"Erfahren Sie alles \u00fcber unsere Versandbedingungen in Deutschland, Lieferzeiten, Retouren und Zahlungsm\u00f6glichkeiten bei Vintagella Moda. Versandbedingungen Deutschland inklusive.\" \/>\n<meta property=\"og:url\" content=\"https:\/\/vintagellamoda.com\/de\/shipping-policy\/\" \/>\n<meta property=\"og:site_name\" content=\"Vintagella Moda\" \/>\n<meta property=\"article:publisher\" content=\"https:\/\/www.facebook.com\/profile.php?id=61583665421269\" \/>\n<meta property=\"article:modified_time\" content=\"2025-12-10T07:59:30+00:00\" \/>\n<meta name=\"twitter:card\" content=\"summary_large_image\" \/>\n<meta name=\"twitter:label1\" content=\"Gesch\u00e4tzte Lesezeit\" \/>\n\t<meta name=\"twitter:data1\" content=\"2\u00a0Minuten\" \/>\n<script type=\"application\/ld+json\" class=\"yoast-schema-graph\">{\"@context\":\"https:\\\/\\\/schema.org\",\"@graph\":[{\"@type\":\"WebPage\",\"@id\":\"https:\\\/\\\/vintagellamoda.com\\\/de\\\/shipping-policy\\\/\",\"url\":\"https:\\\/\\\/vintagellamoda.com\\\/de\\\/shipping-policy\\\/\",\"name\":\"Versandbedingungen Deutschland \u2013 Zahlung & Lieferung bei Vintagella Moda\",\"isPartOf\":{\"@id\":\"https:\\\/\\\/vintagellamoda.com\\\/de\\\/#website\"},\"datePublished\":\"2025-08-26T07:16:51+00:00\",\"dateModified\":\"2025-12-10T07:59:30+00:00\",\"description\":\"Erfahren Sie alles \u00fcber unsere Versandbedingungen in Deutschland, Lieferzeiten, Retouren und Zahlungsm\u00f6glichkeiten bei Vintagella Moda. Versandbedingungen Deutschland inklusive.\",\"breadcrumb\":{\"@id\":\"https:\\\/\\\/vintagellamoda.com\\\/de\\\/shipping-policy\\\/#breadcrumb\"},\"inLanguage\":\"de\",\"potentialAction\":[{\"@type\":\"ReadAction\",\"target\":[\"https:\\\/\\\/vintagellamoda.com\\\/de\\\/shipping-policy\\\/\"]}]},{\"@type\":\"BreadcrumbList\",\"@id\":\"https:\\\/\\\/vintagellamoda.com\\\/de\\\/shipping-policy\\\/#breadcrumb\",\"itemListElement\":[{\"@type\":\"ListItem\",\"position\":1,\"name\":\"Home\",\"item\":\"https:\\\/\\\/vintagellamoda.com\\\/de\\\/\"},{\"@type\":\"ListItem\",\"position\":2,\"name\":\"Shipping Policy\"}]},{\"@type\":\"WebSite\",\"@id\":\"https:\\\/\\\/vintagellamoda.com\\\/de\\\/#website\",\"url\":\"https:\\\/\\\/vintagellamoda.com\\\/de\\\/\",\"name\":\"Vintagella Moda\",\"description\":\"Italo vintage moda \u2014 Italian vintage fashion\",\"publisher\":{\"@id\":\"https:\\\/\\\/vintagellamoda.com\\\/de\\\/#organization\"},\"potentialAction\":[{\"@type\":\"SearchAction\",\"target\":{\"@type\":\"EntryPoint\",\"urlTemplate\":\"https:\\\/\\\/vintagellamoda.com\\\/de\\\/?s={search_term_string}\"},\"query-input\":{\"@type\":\"PropertyValueSpecification\",\"valueRequired\":true,\"valueName\":\"search_term_string\"}}],\"inLanguage\":\"de\"},{\"@type\":\"Organization\",\"@id\":\"https:\\\/\\\/vintagellamoda.com\\\/de\\\/#organization\",\"name\":\"Vintagella Moda\",\"url\":\"https:\\\/\\\/vintagellamoda.com\\\/de\\\/\",\"logo\":{\"@type\":\"ImageObject\",\"inLanguage\":\"de\",\"@id\":\"https:\\\/\\\/vintagellamoda.com\\\/de\\\/#\\\/schema\\\/logo\\\/image\\\/\",\"url\":\"https:\\\/\\\/vintagellamoda.com\\\/wp-content\\\/uploads\\\/2025\\\/11\\\/favicon.png\",\"contentUrl\":\"https:\\\/\\\/vintagellamoda.com\\\/wp-content\\\/uploads\\\/2025\\\/11\\\/favicon.png\",\"width\":2000,\"height\":2000,\"caption\":\"Vintagella Moda\"},\"image\":{\"@id\":\"https:\\\/\\\/vintagellamoda.com\\\/de\\\/#\\\/schema\\\/logo\\\/image\\\/\"},\"sameAs\":[\"https:\\\/\\\/www.facebook.com\\\/profile.php?id=61583665421269\",\"https:\\\/\\\/www.instagram.com\\\/vintagellamoda\\\/\",\"https:\\\/\\\/de.pinterest.com\\\/vintagellamoda\"]}]}<\/script>\n<!-- \/ Yoast SEO plugin. -->","yoast_head_json":{"title":"Versandbedingungen Deutschland \u2013 Zahlung & Lieferung bei Vintagella Moda","description":"Erfahren Sie alles \u00fcber unsere Versandbedingungen in Deutschland, Lieferzeiten, Retouren und Zahlungsm\u00f6glichkeiten bei Vintagella Moda. Versandbedingungen Deutschland inklusive.","robots":{"index":"index","follow":"follow","max-snippet":"max-snippet:-1","max-image-preview":"max-image-preview:large","max-video-preview":"max-video-preview:-1"},"canonical":"https:\/\/vintagellamoda.com\/de\/shipping-policy\/","og_locale":"de_DE","og_type":"article","og_title":"Versandbedingungen Deutschland \u2013 Zahlung & Lieferung bei Vintagella Moda","og_description":"Erfahren Sie alles \u00fcber unsere Versandbedingungen in Deutschland, Lieferzeiten, Retouren und Zahlungsm\u00f6glichkeiten bei Vintagella Moda. Versandbedingungen Deutschland inklusive.","og_url":"https:\/\/vintagellamoda.com\/de\/shipping-policy\/","og_site_name":"Vintagella Moda","article_publisher":"https:\/\/www.facebook.com\/profile.php?id=61583665421269","article_modified_time":"2025-12-10T07:59:30+00:00","twitter_card":"summary_large_image","twitter_misc":{"Gesch\u00e4tzte Lesezeit":"2\u00a0Minuten"},"schema":{"@context":"https:\/\/schema.org","@graph":[{"@type":"WebPage","@id":"https:\/\/vintagellamoda.com\/de\/shipping-policy\/","url":"https:\/\/vintagellamoda.com\/de\/shipping-policy\/","name":"Versandbedingungen Deutschland \u2013 Zahlung & Lieferung bei Vintagella Moda","isPartOf":{"@id":"https:\/\/vintagellamoda.com\/de\/#website"},"datePublished":"2025-08-26T07:16:51+00:00","dateModified":"2025-12-10T07:59:30+00:00","description":"Erfahren Sie alles \u00fcber unsere Versandbedingungen in Deutschland, Lieferzeiten, Retouren und Zahlungsm\u00f6glichkeiten bei Vintagella Moda. Versandbedingungen Deutschland inklusive.","breadcrumb":{"@id":"https:\/\/vintagellamoda.com\/de\/shipping-policy\/#breadcrumb"},"inLanguage":"de","potentialAction":[{"@type":"ReadAction","target":["https:\/\/vintagellamoda.com\/de\/shipping-policy\/"]}]},{"@type":"BreadcrumbList","@id":"https:\/\/vintagellamoda.com\/de\/shipping-policy\/#breadcrumb","itemListElement":[{"@type":"ListItem","position":1,"name":"Home","item":"https:\/\/vintagellamoda.com\/de\/"},{"@type":"ListItem","position":2,"name":"Shipping Policy"}]},{"@type":"WebSite","@id":"https:\/\/vintagellamoda.com\/de\/#website","url":"https:\/\/vintagellamoda.com\/de\/","name":"Vintagella Moda","description":"Italo vintage moda \u2014 Italian vintage fashion","publisher":{"@id":"https:\/\/vintagellamoda.com\/de\/#organization"},"potentialAction":[{"@type":"SearchAction","target":{"@type":"EntryPoint","urlTemplate":"https:\/\/vintagellamoda.com\/de\/?s={search_term_string}"},"query-input":{"@type":"PropertyValueSpecification","valueRequired":true,"valueName":"search_term_string"}}],"inLanguage":"de"},{"@type":"Organization","@id":"https:\/\/vintagellamoda.com\/de\/#organization","name":"Vintagella Moda","url":"https:\/\/vintagellamoda.com\/de\/","logo":{"@type":"ImageObject","inLanguage":"de","@id":"https:\/\/vintagellamoda.com\/de\/#\/schema\/logo\/image\/","url":"https:\/\/vintagellamoda.com\/wp-content\/uploads\/2025\/11\/favicon.png","contentUrl":"https:\/\/vintagellamoda.com\/wp-content\/uploads\/2025\/11\/favicon.png","width":2000,"height":2000,"caption":"Vintagella Moda"},"image":{"@id":"https:\/\/vintagellamoda.com\/de\/#\/schema\/logo\/image\/"},"sameAs":["https:\/\/www.facebook.com\/profile.php?id=61583665421269","https:\/\/www.instagram.com\/vintagellamoda\/","https:\/\/de.pinterest.com\/vintagellamoda"]}]}},"_links":{"self":[{"href":"https:\/\/vintagellamoda.com\/de\/wp-json\/wp\/v2\/pages\/4940","targetHints":{"allow":["GET"]}}],"collection":[{"href":"https:\/\/vintagellamoda.com\/de\/wp-json\/wp\/v2\/pages"}],"about":[{"href":"https:\/\/vintagellamoda.com\/de\/wp-json\/wp\/v2\/types\/page"}],"author":[{"embeddable":true,"href":"https:\/\/vintagellamoda.com\/de\/wp-json\/wp\/v2\/users\/3"}],"replies":[{"embeddable":true,"href":"https:\/\/vintagellamoda.com\/de\/wp-json\/wp\/v2\/comments?post=4940"}],"version-history":[{"count":0,"href":"https:\/\/vintagellamoda.com\/de\/wp-json\/wp\/v2\/pages\/4940\/revisions"}],"wp:attachment":[{"href":"https:\/\/vintagellamoda.com\/de\/wp-json\/wp\/v2\/media?parent=4940"}],"wp:term":[{"taxonomy":"folder","embeddable":true,"href":"https:\/\/vintagellamoda.com\/de\/wp-json\/wp\/v2\/folder?post=4940"}],"curies":[{"name":"wp","href":"https:\/\/api.w.org\/{rel}","templated":true}]}}