{"id":4929,"date":"2025-08-26T07:11:58","date_gmt":"2025-08-26T07:11:58","guid":{"rendered":"https:\/\/vintagellamoda.com\/allgemeine-geschaeftsbedingungen\/"},"modified":"2025-10-27T20:20:19","modified_gmt":"2025-10-27T20:20:19","slug":"allgemeine-geschaeftsbedingungen","status":"publish","type":"page","link":"https:\/\/vintagellamoda.com\/de\/allgemeine-geschaeftsbedingungen\/","title":{"rendered":"Allgemeine Gesch\u00e4ftsbedingungen"},"content":{"rendered":"<div class=\"wpb-content-wrapper\"><p>[vc_section][vc_row full_width=&#8220;stretch_row_content_no_spaces&#8220; css=&#8220;.vc_custom_1746774039900{padding-top: 60px !important;padding-bottom: 100px !important;background-color: #FBF9F9 !important;}&#8220;][vc_column]<div class=\"eltdf-section-title-holder\" style=\"text-align: center\">\n\t\t\t\t<h2 class=\"eltdf-st-title\" >\n\t\t\t<span>Allgemeine Gesch\u00e4ftsbedingung<\/span>\n\t\t<\/h2>\n\t\t<\/div>[\/vc_column][\/vc_row][vc_row css=&#8220;.vc_custom_1746774092791{padding-bottom: 100px !important;}&#8220;][vc_column][vc_column_text css=&#8220;&#8220;]<strong>Allgemeine Gesch\u00e4ftsbedingungen und Kundeninformationen<\/strong><\/p>\n<ol>\n<li><strong> Allgemeine Gesch\u00e4ftsbedingungen<\/strong><\/li>\n<\/ol>\n<h4>\u00a7 1 Grundlegende Bestimmungen<\/h4>\n<ul>\n<li>Die folgenden Gesch\u00e4ftsbedingungen gelten f\u00fcr alle Vertr\u00e4ge, die Sie mit uns als Anbieter (Lara Lezius) \u00fcber die Website http:\/\/vintagellamoda.com\/ abschlie\u00dfen. Soweit nicht anders vereinbart, ist die Einbeziehung Ihrer eigenen Bedingungen ausgeschlossen. <\/li>\n<li>Ein \u201eVerbraucher\u201c im Sinne der folgenden Bestimmungen ist jede nat\u00fcrliche Person, die ein Rechtsgesch\u00e4ft abschlie\u00dft, das \u00fcberwiegend weder ihrer gewerblichen noch ihrer selbstst\u00e4ndigen beruflichen T\u00e4tigkeit zugerechnet werden kann. Der Begriff \u201eUnternehmer\u201c bezieht sich auf jede nat\u00fcrliche Person, juristische Person oder rechtsf\u00e4hige Personengesellschaft, die ein Rechtsgesch\u00e4ft in Aus\u00fcbung ihrer selbstst\u00e4ndigen beruflichen oder gewerblichen T\u00e4tigkeit abschlie\u00dft. <\/li>\n<\/ul>\n<h4>\u00a7 2 Zustandekommen des Vertrages<\/h4>\n<ul>\n<li>Gegenstand des Vertrages ist der Verkauf von Produkten.<\/li>\n<\/ul>\n<p>Wir verkaufen das Produkt in unserem eigenen Namen im Auftrag anderer, d. h. f\u00fcr eine externe Partei, die Eigent\u00fcmer des betreffenden Produkts ist. In diesem Zusammenhang spielen wir die Rolle eines teilweisen oder vollst\u00e4ndigen Kommission\u00e4rs. Trotzdem sind wir ein Vertragspartner, der alle jeweiligen Rechte genie\u00dft und allen jeweiligen Verantwortlichkeiten unterliegt.  <\/p>\n<ul>\n<li>Sobald Sie das jeweilige Produkt auf unserer Website platzieren, unterbreiten wir Ihnen ein verbindliches Angebot zum Abschluss eines Vertrages \u00fcber das Online-Warenkorbsystem zu den in der Artikelbeschreibung genannten Bedingungen.<\/li>\n<li>Der Vertragsschluss erfolgt \u00fcber das Online-Warenkorbsystem wie folgt:<\/li>\n<\/ul>\n<p>Die zum Kauf vorgesehenen Waren werden in den \u201eWarenkorb\u201c gelegt. Sie k\u00f6nnen den \u201eWarenkorb\u201c \u00fcber die entsprechende Schaltfl\u00e4che in der Navigationsleiste aufrufen und dort jederzeit \u00c4nderungen vornehmen. <\/p>\n<p>Nach Anklicken der Schaltfl\u00e4che \u201eZur Kasse\u201c oder \u201eZur Bestellung\u201c (oder einer \u00e4hnlichen Bezeichnung) und Eingabe der pers\u00f6nlichen Daten sowie der Zahlungs- und Versandbedingungen werden Ihnen die Bestelldaten abschlie\u00dfend als Bestell\u00fcbersicht angezeigt.<\/p>\n<p>&nbsp;<\/p>\n<p>Wenn Sie ein Sofortzahlungssystem (z. B. PayPal (Express\/Plus\/Checkout), Amazon Pay, Sofort) als Zahlungsmethode verwenden, werden Sie entweder zur Bestell\u00fcbersichtsseite in unserem Online-Shop oder zur Website des Anbieters des Sofortzahlungssystems weitergeleitet.<\/p>\n<p>Wenn Sie zum jeweiligen Sofortzahlungssystem weitergeleitet werden, w\u00e4hlen Sie Ihre Daten aus und\/oder geben Sie sie gegebenenfalls ein. Abschlie\u00dfend werden auf der Website des Anbieters des Sofortzahlungssystems oder, nachdem Sie zu unserem Online-Shop zur\u00fcckgeleitet wurden, die Bestelldaten als Bestell\u00fcbersicht angezeigt. <\/p>\n<p>&nbsp;<\/p>\n<p>Vor dem Absenden der Bestellung haben Sie nochmals die M\u00f6glichkeit, alle Angaben auf der Bestell\u00fcbersichtsseite zu \u00fcberpr\u00fcfen oder zu \u00e4ndern (Sie k\u00f6nnen auch die \u201eZur\u00fcck\u201c-Taste Ihres Webbrowsers verwenden) oder den Kauf abzubrechen.<\/p>\n<p>Durch Absenden der Bestellung \u00fcber die entsprechende Schaltfl\u00e4che (\u201ezahlungspflichtig bestellen\u201c, \u201ekaufen\u201c \/ \u201ejetzt kaufen\u201c, \u201ezahlungspflichtig bestellen\u201c, \u201ebezahlen\u201c \/ \u201ejetzt bezahlen\u201c oder \u00e4hnliche Bezeichnung) erkl\u00e4ren Sie die rechtsverbindliche Annahme des Angebots, wodurch der Vertrag zustande kommt.<\/p>\n<p><strong>(4)<\/strong> Die Ausf\u00fchrung der Bestellung und die \u00dcbermittlung aller f\u00fcr den Vertragsabschluss erforderlichen Details erfolgen per E-Mail in einem teilautomatisierten Verfahren. Folglich m\u00fcssen Sie sicherstellen, dass die bei uns hinterlegte E-Mail-Adresse korrekt ist und der Empfang der jeweiligen E-Mails gew\u00e4hrleistet ist. Insbesondere m\u00fcssen Sie sicherstellen, dass die jeweiligen E-Mails nicht durch einen  <\/p>\n<p>SPAM-Filter blockiert werden.<\/p>\n<h4>\u00a7 3 Besondere Vereinbarungen zu den angebotenen Zahlungsarten<\/h4>\n<h4>(1) Zahlung via \u201ePayPal\u201c \/ \u201ePayPal Checkout\u201c<\/h4>\n<p>Wenn Sie eine \u00fcber \u201ePayPal\u201c \/ \u201ePayPal Checkout\u201c angebotene Zahlungsart ausw\u00e4hlen, erfolgt die Zahlungsabwicklung \u00fcber den Zahlungsdienstleister PayPal (Europe) S.\u00e0.r.l. et Cie, S.C.A. (22-24 Boulevard Royal L-2449, Luxemburg; \u201ePayPal\u201c). Die einzelnen Zahlungsarten \u00fcber \u201ePayPal\u201c werden Ihnen unter einer entsprechend bezeichneten Schaltfl\u00e4che auf unserer Internetpr\u00e4senz sowie im Online-Bestellprozess angezeigt. \u201ePayPal\u201c kann andere Zahlungsdienste f\u00fcr die Zahlungsabwicklung nutzen; wenn besondere Zahlungsbedingungen gelten, werden Sie gesondert dar\u00fcber informiert. Weitere Informationen zu \u201ePayPal\u201c finden Sie unter <a href=\"https:\/\/www.paypal.com\/de\/webapps\/mpp\/ua\/legalhub-full\">https:\/\/www.paypal.com\/de\/webapps\/mpp\/ua\/legalhub-full<\/a>.<\/p>\n<h4>\u00a7 4 Zur\u00fcckbehaltungsrecht, Eigentumsvorbehalt<\/h4>\n<ul>\n<li>Ein Zur\u00fcckbehaltungsrecht k\u00f6nnen Sie nur aus\u00fcben, wenn es sich um Forderungen aus demselben Vertragsverh\u00e4ltnis handelt.<\/li>\n<li>Die Ware bleibt bis zur vollst\u00e4ndigen Bezahlung des Kaufpreises unser Eigentum.<\/li>\n<\/ul>\n<h4>\u00a7 5 Gew\u00e4hrleistung<\/h4>\n<ul>\n<li>Es gelten die gesetzlichen Gew\u00e4hrleistungsrechte.<\/li>\n<li>Wenn wir Sie vor Abgabe der Vertragserkl\u00e4rung dar\u00fcber informieren und dies ausdr\u00fccklich und gesondert vereinbart wurde, betr\u00e4gt die Verj\u00e4hrungsfrist f\u00fcr M\u00e4ngelanspr\u00fcche bei gebrauchten Waren ein Jahr ab Ablieferung der Ware. Die vorstehende Einschr\u00e4nkung gilt nicht: <\/li>\n<li>f\u00fcr uns zurechenbare, schuldhafte Sch\u00e4den aus der Verletzung des Lebens, des K\u00f6rpers oder der Gesundheit sowie f\u00fcr sonstige Sch\u00e4den, die vors\u00e4tzlich oder grob fahrl\u00e4ssig verursacht wurden;<\/li>\n<li>soweit wir den Mangel arglistig verschwiegen oder eine Garantie f\u00fcr die Beschaffenheit der Ware \u00fcbernommen haben.<\/li>\n<li>Als Verbraucher werden Sie gebeten, die Ware bei Lieferung umgehend auf Vollst\u00e4ndigkeit, sichtbare M\u00e4ngel und Transportsch\u00e4den zu \u00fcberpr\u00fcfen und Ihre Beanstandungen unverz\u00fcglich uns und dem Versandunternehmen schriftlich mitzuteilen. Auch wenn Sie dieser Aufforderung nicht nachkommen, hat dies keine Auswirkungen auf Ihre gesetzlichen Gew\u00e4hrleistungsanspr\u00fcche. <\/li>\n<li>Weicht eine Eigenschaft der Ware von den objektiven Anforderungen ab, so gilt die Abweichung nur dann als vereinbart, wenn Sie von uns vor Abgabe der Vertragserkl\u00e4rung \u00fcber diese informiert wurden und die Abweichung zwischen den Vertragsparteien ausdr\u00fccklich und gesondert vereinbart wurde.<\/li>\n<\/ul>\n<h4>\u00a7 6 Rechtswahl<\/h4>\n<ul>\n<li>Es gilt deutsches Recht. Diese Rechtswahl gilt f\u00fcr Kunden nur insoweit, als dadurch nicht der Schutz entzogen wird, der durch zwingende Bestimmungen des Rechts des Staates gew\u00e4hrt wird, in dem der jeweilige Kunde seinen gew\u00f6hnlichen Aufenthalt hat (G\u00fcnstigkeitsprinzip). <\/li>\n<li>Die Bestimmungen des UN-Kaufrechts finden ausdr\u00fccklich keine Anwendung.<\/li>\n<\/ul>\n<ol>\n<li><strong> Kundeninformationen<\/strong><\/li>\n<\/ol>\n<h4>1. Identit\u00e4t des Verk\u00e4ufers<\/h4>\n<p>Vintagella Moda<\/p>\n<p>Lewishamstrasse 10<\/p>\n<p>10629 Berlin-Charlottenburg<\/p>\n<p>Deutschland<\/p>\n<p>Vertreten durch: Lara Lezius<\/p>\n<p><strong>Telefon: +49(0)15775 68 60 363<\/strong><\/p>\n<p>E-Mail: <a href=\"mailto:enquiries@vintagellamoda.com\">enquiries@vintagellamoda.com<\/a><\/p>\n<p>&nbsp;<\/p>\n<p>Wir sind weder bereit noch verpflichtet, an Streitbeilegungsverfahren vor Verbraucherschlichtungsstellen teilzunehmen.<\/p>\n<h4>2. Informationen zum Zustandekommen des Vertrages<\/h4>\n<p>Die technischen Schritte zum Zustandekommen des Vertrages, der Vertragsabschluss selbst und die Korrekturm\u00f6glichkeiten erfolgen gem\u00e4\u00df den Bestimmungen \u201eZustandekommen des Vertrages\u201c in unseren Allgemeinen Gesch\u00e4ftsbedingungen (Teil I).<\/p>\n<h4>3. Vertragssprache, Speicherung des Vertragstextes<\/h4>\n<p>3.1 Vertragssprache ist Englisch.<\/p>\n<p>3.2 Der vollst\u00e4ndige Vertragstext wird bei uns nicht gespeichert. Vor dem Absenden der Bestellung \u00fcber das Online-Warenkorbsystem k\u00f6nnen die Vertragsdaten \u00fcber die Druckfunktion des Browsers ausgedruckt oder elektronisch gespeichert werden. Nach Eingang der Bestellung bei uns werden Ihnen die Bestelldaten, die gesetzlich vorgeschriebenen Angaben zu Fernabsatzvertr\u00e4gen und die Allgemeinen Gesch\u00e4ftsbedingungen nochmals per E-Mail zugesandt. <strong>4. Wesentliche Merkmale des Produkts oder der Dienstleistung<\/strong>  <\/p>\n<p>Die wesentlichen Merkmale der Waren und\/oder Dienstleistungen finden Sie im jeweiligen Angebot.<\/p>\n<h4>5. Preise und Zahlungsbedingungen<\/h4>\n<p>5.1 Die in den jeweiligen Angeboten genannten Preise stellen Gesamtpreise dar, ebenso wie die Versandkosten. Sie beinhalten alle Preisbestandteile, einschlie\u00dflich aller Nebenkosten. <\/p>\n<p>5.2 Die anfallenden Versandkosten sind nicht im Kaufpreis enthalten. Sie k\u00f6nnen \u00fcber die entsprechende Schaltfl\u00e4che auf unserer Website oder im jeweiligen Angebot eingesehen werden, werden im Laufe der Bestellabwicklung gesondert ausgewiesen und sind von Ihnen zus\u00e4tzlich zu tragen, sofern keine versandkostenfreie Lieferung best\u00e4tigt wird. <\/p>\n<p>5.3 Die Ihnen zur Verf\u00fcgung stehenden Zahlungsarten werden durch Anklicken der entsprechenden Schaltfl\u00e4che auf unserer Website oder im jeweiligen Angebot angezeigt.<\/p>\n<p>5.4 Sofern f\u00fcr die jeweiligen Zahlungsarten nichts anderes bestimmt ist, sind die Zahlungsanspr\u00fcche aus dem abgeschlossenen Vertrag sofort zur Zahlung f\u00e4llig.<\/p>\n<h4>6. Lieferbedingungen<\/h4>\n<p>6.1 Die Lieferbedingungen, der Liefertermin und gegebenenfalls bestehende Lieferbeschr\u00e4nkungen finden Sie durch Anklicken der entsprechenden Schaltfl\u00e4che auf unserer Website oder im jeweiligen Angebot.<\/p>\n<p>6.2 Wenn Sie Verbraucher sind, gilt Folgendes: Die Gefahr des zuf\u00e4lligen Untergangs oder der zuf\u00e4lligen Verschlechterung der verkauften Sache w\u00e4hrend des Versands geht erst mit der \u00dcbergabe der Sache an Sie \u00fcber, unabh\u00e4ngig davon, ob die Versandoperation versichert ist oder nicht. Diese Bedingung gilt nicht, wenn Sie selbstst\u00e4ndig ein Transportunternehmen beauftragt haben, das nicht von uns benannt wurde, oder eine Person, die anderweitig mit der Ausf\u00fchrung der Versandoperation beauftragt wurde. <\/p>\n<h4>7. Gesetzliches Gew\u00e4hrleistungsrecht<\/h4>\n<p>Die M\u00e4ngelhaftung richtet sich nach den Bestimmungen \u00fcber die \u201eGew\u00e4hrleistung\u201c in unseren Allgemeinen Gesch\u00e4ftsbedingungen (Teil I).<\/p>\n<p>Diese AGB und Kundendaten wurden von den auf IT-Recht spezialisierten Anw\u00e4lten des H\u00e4ndlerbundes erstellt und werden laufend auf Rechtskonformit\u00e4t gepr\u00fcft. Die H\u00e4ndlerbund Management AG garantiert die Rechtssicherheit der Texte und \u00fcbernimmt die Haftung im Falle von <a href=\"https:\/\/www.haendlerbund.de\/de\/leistungen\/rechtssicherheit\/agb-service\">Abmahnungen. Weitere detaillierte Informationen finden Sie auf der folgenden Website:<\/a> <a href=\"https:\/\/www.haendlerbund.de\/de\/leistungen\/rechtssicherheit\/agb-service\">https:\/\/www.haendlerbund.de\/de\/leistungen\/rechtssicherheit\/agbservice<\/a><a href=\"https:\/\/www.haendlerbund.de\/de\/leistungen\/rechtssicherheit\/agb-service\">.<\/a> <\/p>\n<p>Letzte Aktualisierung: 22.10.2024<\/p>\n<p>&nbsp;<\/p>\n<p>[\/vc_column_text][\/vc_column][\/vc_row][\/vc_section]<\/p>\n<\/div>","protected":false},"excerpt":{"rendered":"<p>[vc_section][vc_row full_width=&#8220;stretch_row_content_no_spaces&#8220; css=&#8220;.vc_custom_1746774039900{padding-top: 60px !important;padding-bottom: 100px !important;background-color: #FBF9F9 !important;}&#8220;][vc_column][\/vc_column][\/vc_row][vc_row css=&#8220;.vc_custom_1746774092791{padding-bottom: 100px !important;}&#8220;][vc_column][vc_column_text css=&#8220;&#8220;]Allgemeine Gesch\u00e4ftsbedingungen und Kundeninformationen Allgemeine Gesch\u00e4ftsbedingungen \u00a7 1 Grundlegende Bestimmungen Die folgenden Gesch\u00e4ftsbedingungen gelten f\u00fcr alle Vertr\u00e4ge, die Sie mit uns als Anbieter (Lara Lezius) \u00fcber die Website [&hellip;]<\/p>\n","protected":false},"author":3,"featured_media":0,"parent":0,"menu_order":0,"comment_status":"closed","ping_status":"closed","template":"","meta":{"footnotes":""},"folder":[],"class_list":["post-4929","page","type-page","status-publish","hentry"],"yoast_head":"<!-- This site is optimized with the Yoast SEO plugin v27.3 - https:\/\/yoast.com\/product\/yoast-seo-wordpress\/ -->\n<title>Allgemeine Gesch\u00e4ftsbedingungen \u2013 Vintagella Moda | AGB<\/title>\n<meta name=\"description\" content=\"Lesen Sie die Allgemeinen Gesch\u00e4ftsbedingungen von Vintagella Moda. Unsere Bedingungen umfassen Vertr\u00e4ge, Zahlungen, Lieferung, Garantie und Kundenrechte.\" \/>\n<meta name=\"robots\" content=\"index, follow, max-snippet:-1, max-image-preview:large, max-video-preview:-1\" \/>\n<link rel=\"canonical\" href=\"https:\/\/vintagellamoda.com\/de\/allgemeine-geschaeftsbedingungen\/\" \/>\n<meta property=\"og:locale\" content=\"de_DE\" \/>\n<meta property=\"og:type\" content=\"article\" \/>\n<meta property=\"og:title\" content=\"Allgemeine Gesch\u00e4ftsbedingungen \u2013 Vintagella Moda | AGB\" \/>\n<meta property=\"og:description\" content=\"Lesen Sie die Allgemeinen Gesch\u00e4ftsbedingungen von Vintagella Moda. Unsere Bedingungen umfassen Vertr\u00e4ge, Zahlungen, Lieferung, Garantie und Kundenrechte.\" \/>\n<meta property=\"og:url\" content=\"https:\/\/vintagellamoda.com\/de\/allgemeine-geschaeftsbedingungen\/\" \/>\n<meta property=\"og:site_name\" content=\"Vintagella Moda\" \/>\n<meta property=\"article:publisher\" content=\"https:\/\/www.facebook.com\/profile.php?id=61583665421269\" \/>\n<meta property=\"article:modified_time\" content=\"2025-10-27T20:20:19+00:00\" \/>\n<meta name=\"twitter:card\" content=\"summary_large_image\" \/>\n<meta name=\"twitter:label1\" content=\"Gesch\u00e4tzte Lesezeit\" \/>\n\t<meta name=\"twitter:data1\" content=\"7\u00a0Minuten\" \/>\n<script type=\"application\/ld+json\" class=\"yoast-schema-graph\">{\"@context\":\"https:\\\/\\\/schema.org\",\"@graph\":[{\"@type\":\"WebPage\",\"@id\":\"https:\\\/\\\/vintagellamoda.com\\\/de\\\/allgemeine-geschaeftsbedingungen\\\/\",\"url\":\"https:\\\/\\\/vintagellamoda.com\\\/de\\\/allgemeine-geschaeftsbedingungen\\\/\",\"name\":\"Allgemeine Gesch\u00e4ftsbedingungen \u2013 Vintagella Moda | AGB\",\"isPartOf\":{\"@id\":\"https:\\\/\\\/vintagellamoda.com\\\/de\\\/#website\"},\"datePublished\":\"2025-08-26T07:11:58+00:00\",\"dateModified\":\"2025-10-27T20:20:19+00:00\",\"description\":\"Lesen Sie die Allgemeinen Gesch\u00e4ftsbedingungen von Vintagella Moda. Unsere Bedingungen umfassen Vertr\u00e4ge, Zahlungen, Lieferung, Garantie und Kundenrechte.\",\"breadcrumb\":{\"@id\":\"https:\\\/\\\/vintagellamoda.com\\\/de\\\/allgemeine-geschaeftsbedingungen\\\/#breadcrumb\"},\"inLanguage\":\"de\",\"potentialAction\":[{\"@type\":\"ReadAction\",\"target\":[\"https:\\\/\\\/vintagellamoda.com\\\/de\\\/allgemeine-geschaeftsbedingungen\\\/\"]}]},{\"@type\":\"BreadcrumbList\",\"@id\":\"https:\\\/\\\/vintagellamoda.com\\\/de\\\/allgemeine-geschaeftsbedingungen\\\/#breadcrumb\",\"itemListElement\":[{\"@type\":\"ListItem\",\"position\":1,\"name\":\"Home\",\"item\":\"https:\\\/\\\/vintagellamoda.com\\\/de\\\/\"},{\"@type\":\"ListItem\",\"position\":2,\"name\":\"Allgemeine Gesch\u00e4ftsbedingungen\"}]},{\"@type\":\"WebSite\",\"@id\":\"https:\\\/\\\/vintagellamoda.com\\\/de\\\/#website\",\"url\":\"https:\\\/\\\/vintagellamoda.com\\\/de\\\/\",\"name\":\"Vintagella Moda\",\"description\":\"Italo vintage moda \u2014 Italian vintage fashion\",\"publisher\":{\"@id\":\"https:\\\/\\\/vintagellamoda.com\\\/de\\\/#organization\"},\"potentialAction\":[{\"@type\":\"SearchAction\",\"target\":{\"@type\":\"EntryPoint\",\"urlTemplate\":\"https:\\\/\\\/vintagellamoda.com\\\/de\\\/?s={search_term_string}\"},\"query-input\":{\"@type\":\"PropertyValueSpecification\",\"valueRequired\":true,\"valueName\":\"search_term_string\"}}],\"inLanguage\":\"de\"},{\"@type\":\"Organization\",\"@id\":\"https:\\\/\\\/vintagellamoda.com\\\/de\\\/#organization\",\"name\":\"Vintagella Moda\",\"url\":\"https:\\\/\\\/vintagellamoda.com\\\/de\\\/\",\"logo\":{\"@type\":\"ImageObject\",\"inLanguage\":\"de\",\"@id\":\"https:\\\/\\\/vintagellamoda.com\\\/de\\\/#\\\/schema\\\/logo\\\/image\\\/\",\"url\":\"https:\\\/\\\/vintagellamoda.com\\\/wp-content\\\/uploads\\\/2025\\\/11\\\/favicon.png\",\"contentUrl\":\"https:\\\/\\\/vintagellamoda.com\\\/wp-content\\\/uploads\\\/2025\\\/11\\\/favicon.png\",\"width\":2000,\"height\":2000,\"caption\":\"Vintagella Moda\"},\"image\":{\"@id\":\"https:\\\/\\\/vintagellamoda.com\\\/de\\\/#\\\/schema\\\/logo\\\/image\\\/\"},\"sameAs\":[\"https:\\\/\\\/www.facebook.com\\\/profile.php?id=61583665421269\",\"https:\\\/\\\/www.instagram.com\\\/vintagellamoda\\\/\",\"https:\\\/\\\/de.pinterest.com\\\/vintagellamoda\"]}]}<\/script>\n<!-- \/ Yoast SEO plugin. -->","yoast_head_json":{"title":"Allgemeine Gesch\u00e4ftsbedingungen \u2013 Vintagella Moda | AGB","description":"Lesen Sie die Allgemeinen Gesch\u00e4ftsbedingungen von Vintagella Moda. Unsere Bedingungen umfassen Vertr\u00e4ge, Zahlungen, Lieferung, Garantie und Kundenrechte.","robots":{"index":"index","follow":"follow","max-snippet":"max-snippet:-1","max-image-preview":"max-image-preview:large","max-video-preview":"max-video-preview:-1"},"canonical":"https:\/\/vintagellamoda.com\/de\/allgemeine-geschaeftsbedingungen\/","og_locale":"de_DE","og_type":"article","og_title":"Allgemeine Gesch\u00e4ftsbedingungen \u2013 Vintagella Moda | AGB","og_description":"Lesen Sie die Allgemeinen Gesch\u00e4ftsbedingungen von Vintagella Moda. Unsere Bedingungen umfassen Vertr\u00e4ge, Zahlungen, Lieferung, Garantie und Kundenrechte.","og_url":"https:\/\/vintagellamoda.com\/de\/allgemeine-geschaeftsbedingungen\/","og_site_name":"Vintagella Moda","article_publisher":"https:\/\/www.facebook.com\/profile.php?id=61583665421269","article_modified_time":"2025-10-27T20:20:19+00:00","twitter_card":"summary_large_image","twitter_misc":{"Gesch\u00e4tzte Lesezeit":"7\u00a0Minuten"},"schema":{"@context":"https:\/\/schema.org","@graph":[{"@type":"WebPage","@id":"https:\/\/vintagellamoda.com\/de\/allgemeine-geschaeftsbedingungen\/","url":"https:\/\/vintagellamoda.com\/de\/allgemeine-geschaeftsbedingungen\/","name":"Allgemeine Gesch\u00e4ftsbedingungen \u2013 Vintagella Moda | AGB","isPartOf":{"@id":"https:\/\/vintagellamoda.com\/de\/#website"},"datePublished":"2025-08-26T07:11:58+00:00","dateModified":"2025-10-27T20:20:19+00:00","description":"Lesen Sie die Allgemeinen Gesch\u00e4ftsbedingungen von Vintagella Moda. Unsere Bedingungen umfassen Vertr\u00e4ge, Zahlungen, Lieferung, Garantie und Kundenrechte.","breadcrumb":{"@id":"https:\/\/vintagellamoda.com\/de\/allgemeine-geschaeftsbedingungen\/#breadcrumb"},"inLanguage":"de","potentialAction":[{"@type":"ReadAction","target":["https:\/\/vintagellamoda.com\/de\/allgemeine-geschaeftsbedingungen\/"]}]},{"@type":"BreadcrumbList","@id":"https:\/\/vintagellamoda.com\/de\/allgemeine-geschaeftsbedingungen\/#breadcrumb","itemListElement":[{"@type":"ListItem","position":1,"name":"Home","item":"https:\/\/vintagellamoda.com\/de\/"},{"@type":"ListItem","position":2,"name":"Allgemeine Gesch\u00e4ftsbedingungen"}]},{"@type":"WebSite","@id":"https:\/\/vintagellamoda.com\/de\/#website","url":"https:\/\/vintagellamoda.com\/de\/","name":"Vintagella Moda","description":"Italo vintage moda \u2014 Italian vintage fashion","publisher":{"@id":"https:\/\/vintagellamoda.com\/de\/#organization"},"potentialAction":[{"@type":"SearchAction","target":{"@type":"EntryPoint","urlTemplate":"https:\/\/vintagellamoda.com\/de\/?s={search_term_string}"},"query-input":{"@type":"PropertyValueSpecification","valueRequired":true,"valueName":"search_term_string"}}],"inLanguage":"de"},{"@type":"Organization","@id":"https:\/\/vintagellamoda.com\/de\/#organization","name":"Vintagella Moda","url":"https:\/\/vintagellamoda.com\/de\/","logo":{"@type":"ImageObject","inLanguage":"de","@id":"https:\/\/vintagellamoda.com\/de\/#\/schema\/logo\/image\/","url":"https:\/\/vintagellamoda.com\/wp-content\/uploads\/2025\/11\/favicon.png","contentUrl":"https:\/\/vintagellamoda.com\/wp-content\/uploads\/2025\/11\/favicon.png","width":2000,"height":2000,"caption":"Vintagella Moda"},"image":{"@id":"https:\/\/vintagellamoda.com\/de\/#\/schema\/logo\/image\/"},"sameAs":["https:\/\/www.facebook.com\/profile.php?id=61583665421269","https:\/\/www.instagram.com\/vintagellamoda\/","https:\/\/de.pinterest.com\/vintagellamoda"]}]}},"_links":{"self":[{"href":"https:\/\/vintagellamoda.com\/de\/wp-json\/wp\/v2\/pages\/4929","targetHints":{"allow":["GET"]}}],"collection":[{"href":"https:\/\/vintagellamoda.com\/de\/wp-json\/wp\/v2\/pages"}],"about":[{"href":"https:\/\/vintagellamoda.com\/de\/wp-json\/wp\/v2\/types\/page"}],"author":[{"embeddable":true,"href":"https:\/\/vintagellamoda.com\/de\/wp-json\/wp\/v2\/users\/3"}],"replies":[{"embeddable":true,"href":"https:\/\/vintagellamoda.com\/de\/wp-json\/wp\/v2\/comments?post=4929"}],"version-history":[{"count":0,"href":"https:\/\/vintagellamoda.com\/de\/wp-json\/wp\/v2\/pages\/4929\/revisions"}],"wp:attachment":[{"href":"https:\/\/vintagellamoda.com\/de\/wp-json\/wp\/v2\/media?parent=4929"}],"wp:term":[{"taxonomy":"folder","embeddable":true,"href":"https:\/\/vintagellamoda.com\/de\/wp-json\/wp\/v2\/folder?post=4929"}],"curies":[{"name":"wp","href":"https:\/\/api.w.org\/{rel}","templated":true}]}}