{"id":4920,"date":"2025-08-26T07:11:51","date_gmt":"2025-08-26T07:11:51","guid":{"rendered":"https:\/\/vintagellamoda.com\/lieferbedingungen\/"},"modified":"2025-10-27T20:19:47","modified_gmt":"2025-10-27T20:19:47","slug":"lieferbedingungen","status":"publish","type":"page","link":"https:\/\/vintagellamoda.com\/de\/lieferbedingungen\/","title":{"rendered":"Lieferbedingungen"},"content":{"rendered":"<div class=\"wpb-content-wrapper\"><p>[vc_section][vc_row full_width=&#8220;stretch_row_content_no_spaces&#8220; css=&#8220;.vc_custom_1746774039900{padding-top: 60px !important;padding-bottom: 100px !important;background-color: #FBF9F9 !important;}&#8220;][vc_column]<div class=\"eltdf-section-title-holder\" style=\"text-align: center\">\n\t\t\t\t<h2 class=\"eltdf-st-title\" >\n\t\t\t<span>Lieferbedingung<\/span>\n\t\t<\/h2>\n\t\t<\/div>[\/vc_column][\/vc_row][vc_row css=&#8220;.vc_custom_1746774092791{padding-bottom: 100px !important;}&#8220;][vc_column][vc_column_text css=&#8220;&#8220;]<strong>Zahlung und Versand<\/strong><\/p>\n<p>Es gelten die folgenden Bedingungen:<\/p>\n<p>Lieferung nur innerhalb Deutschlands.<\/p>\n<p><strong>Versandkosten<\/strong> (einschlie\u00dflich der gesetzlich geltenden Mehrwertsteuer)<\/p>\n<h4>Wir berechnen nur 6 Euro f\u00fcr R\u00fccksendungen. Die Versandkosten sind im Verkaufspreis enthalten. <\/h4>\n<h4>Lieferzeiten<\/h4>\n<p>Sofern im Angebot nicht anders angegeben, erfolgt die Lieferung der Ware innerhalb Deutschlands innerhalb von 3 &#8211; 5 Tagen nach Vertragsabschluss (bei vereinbarter Vorauszahlung ab dem Datum der Zahlungsanweisung).<\/p>\n<p>Bitte beachten Sie, dass an Sonn- und Feiertagen keine Lieferungen erfolgen.<\/p>\n<p>Wenn Sie Artikel mit unterschiedlichen Lieferterminen bestellt haben, versenden wir die Artikel zusammen in einer Lieferung, sofern keine andere Vereinbarung getroffen wurde. Der Liefertermin f\u00fcr die gesamte Bestellung entspricht dem des Artikels mit der l\u00e4ngsten Lieferzeit. <\/p>\n<h4>Widerrufsfrist f\u00fcr Lieferungen in Online-Shops (gem\u00e4\u00df dem deutschen B\u00fcrgerlichen Gesetzbuch)<\/h4>\n<p>Sie haben 14 Tage Zeit, Ihren Kauf zu widerrufen. Diese 14-t\u00e4gige Widerrufsfrist beginnt an dem Tag, an dem die Ware vom K\u00e4ufer oder seinem bevollm\u00e4chtigten Vertreter entgegengenommen wurde. Der Widerruf muss innerhalb dieser 14 Tage per E-Mail oder Brief erkl\u00e4rt werden.  <\/p>\n<h4>Ersatzlieferungen<\/h4>\n<p>Ersatzlieferungen sind f\u00fcr Vintage-\/Gebrauchtwaren nicht m\u00f6glich, stattdessen erhalten Sie eine Gutschrift abz\u00fcglich 6 EUR R\u00fccksendekosten.<\/p>\n<p>Wir arbeiten ausschlie\u00dflich mit DHL Deutschland zusammen (die R\u00fccksendeadresse wird Ihnen per E-Mail mitgeteilt).<\/p>\n<h4>Akzeptierte Zahlungsoptionen<\/h4>\n<p>Vorauskasse per Bank\u00fcberweisung (Bankdaten werden Ihnen nach der Bestellung per E-Mail zugesandt)<\/p>\n<p><strong>In Arbeit:<\/strong><\/p>\n<p><strong> <\/strong><\/p>\n<p><strong>\u00dcber unzer:<\/strong><\/p>\n<p>&nbsp;<\/p>\n<p>Zahlung per PayPal<\/p>\n<p>Zahlung per Kreditkarte &#8211; Zahlung per &#8222;Sp\u00e4ter bezahlen&#8220;<\/p>\n<p>Bei Fragen kontaktieren Sie uns bitte unter den im Impressum genannten Kontaktdaten.<\/p>\n<p>[\/vc_column_text][\/vc_column][\/vc_row][\/vc_section]<\/p>\n<\/div>","protected":false},"excerpt":{"rendered":"<p>[vc_section][vc_row full_width=&#8220;stretch_row_content_no_spaces&#8220; css=&#8220;.vc_custom_1746774039900{padding-top: 60px !important;padding-bottom: 100px !important;background-color: #FBF9F9 !important;}&#8220;][vc_column][\/vc_column][\/vc_row][vc_row css=&#8220;.vc_custom_1746774092791{padding-bottom: 100px !important;}&#8220;][vc_column][vc_column_text css=&#8220;&#8220;]Zahlung und Versand Es gelten die folgenden Bedingungen: Lieferung nur innerhalb Deutschlands. Versandkosten (einschlie\u00dflich der gesetzlich geltenden Mehrwertsteuer) Wir berechnen nur 6 Euro f\u00fcr R\u00fccksendungen. Die Versandkosten sind [&hellip;]<\/p>\n","protected":false},"author":3,"featured_media":0,"parent":0,"menu_order":0,"comment_status":"closed","ping_status":"closed","template":"","meta":{"footnotes":""},"folder":[],"class_list":["post-4920","page","type-page","status-publish","hentry"],"yoast_head":"<!-- This site is optimized with the Yoast SEO plugin v27.3 - https:\/\/yoast.com\/product\/yoast-seo-wordpress\/ -->\n<title>Lieferbedingungen \u2013 Vintagella Moda | Versand &amp; R\u00fcckgabe<\/title>\n<meta name=\"description\" content=\"Lesen Sie die Lieferbedingungen von Vintagella Moda. Versand innerhalb Deutschlands, 3\u20135 Tage, 6 \u20ac R\u00fccksendekosten und 14-t\u00e4giges Widerrufsrecht.\" \/>\n<meta name=\"robots\" content=\"index, follow, max-snippet:-1, max-image-preview:large, max-video-preview:-1\" \/>\n<link rel=\"canonical\" href=\"https:\/\/vintagellamoda.com\/de\/lieferbedingungen\/\" \/>\n<meta property=\"og:locale\" content=\"de_DE\" \/>\n<meta property=\"og:type\" content=\"article\" \/>\n<meta property=\"og:title\" content=\"Lieferbedingungen \u2013 Vintagella Moda | Versand &amp; R\u00fcckgabe\" \/>\n<meta property=\"og:description\" content=\"Lesen Sie die Lieferbedingungen von Vintagella Moda. Versand innerhalb Deutschlands, 3\u20135 Tage, 6 \u20ac R\u00fccksendekosten und 14-t\u00e4giges Widerrufsrecht.\" \/>\n<meta property=\"og:url\" content=\"https:\/\/vintagellamoda.com\/de\/lieferbedingungen\/\" \/>\n<meta property=\"og:site_name\" content=\"Vintagella Moda\" \/>\n<meta property=\"article:publisher\" content=\"https:\/\/www.facebook.com\/profile.php?id=61583665421269\" \/>\n<meta property=\"article:modified_time\" content=\"2025-10-27T20:19:47+00:00\" \/>\n<meta name=\"twitter:card\" content=\"summary_large_image\" \/>\n<meta name=\"twitter:label1\" content=\"Gesch\u00e4tzte Lesezeit\" \/>\n\t<meta name=\"twitter:data1\" content=\"2\u00a0Minuten\" \/>\n<script type=\"application\/ld+json\" class=\"yoast-schema-graph\">{\"@context\":\"https:\\\/\\\/schema.org\",\"@graph\":[{\"@type\":\"WebPage\",\"@id\":\"https:\\\/\\\/vintagellamoda.com\\\/de\\\/lieferbedingungen\\\/\",\"url\":\"https:\\\/\\\/vintagellamoda.com\\\/de\\\/lieferbedingungen\\\/\",\"name\":\"Lieferbedingungen \u2013 Vintagella Moda | Versand & R\u00fcckgabe\",\"isPartOf\":{\"@id\":\"https:\\\/\\\/vintagellamoda.com\\\/de\\\/#website\"},\"datePublished\":\"2025-08-26T07:11:51+00:00\",\"dateModified\":\"2025-10-27T20:19:47+00:00\",\"description\":\"Lesen Sie die Lieferbedingungen von Vintagella Moda. Versand innerhalb Deutschlands, 3\u20135 Tage, 6 \u20ac R\u00fccksendekosten und 14-t\u00e4giges Widerrufsrecht.\",\"breadcrumb\":{\"@id\":\"https:\\\/\\\/vintagellamoda.com\\\/de\\\/lieferbedingungen\\\/#breadcrumb\"},\"inLanguage\":\"de\",\"potentialAction\":[{\"@type\":\"ReadAction\",\"target\":[\"https:\\\/\\\/vintagellamoda.com\\\/de\\\/lieferbedingungen\\\/\"]}]},{\"@type\":\"BreadcrumbList\",\"@id\":\"https:\\\/\\\/vintagellamoda.com\\\/de\\\/lieferbedingungen\\\/#breadcrumb\",\"itemListElement\":[{\"@type\":\"ListItem\",\"position\":1,\"name\":\"Home\",\"item\":\"https:\\\/\\\/vintagellamoda.com\\\/de\\\/\"},{\"@type\":\"ListItem\",\"position\":2,\"name\":\"Lieferbedingungen\"}]},{\"@type\":\"WebSite\",\"@id\":\"https:\\\/\\\/vintagellamoda.com\\\/de\\\/#website\",\"url\":\"https:\\\/\\\/vintagellamoda.com\\\/de\\\/\",\"name\":\"Vintagella Moda\",\"description\":\"Italo vintage moda \u2014 Italian vintage fashion\",\"publisher\":{\"@id\":\"https:\\\/\\\/vintagellamoda.com\\\/de\\\/#organization\"},\"potentialAction\":[{\"@type\":\"SearchAction\",\"target\":{\"@type\":\"EntryPoint\",\"urlTemplate\":\"https:\\\/\\\/vintagellamoda.com\\\/de\\\/?s={search_term_string}\"},\"query-input\":{\"@type\":\"PropertyValueSpecification\",\"valueRequired\":true,\"valueName\":\"search_term_string\"}}],\"inLanguage\":\"de\"},{\"@type\":\"Organization\",\"@id\":\"https:\\\/\\\/vintagellamoda.com\\\/de\\\/#organization\",\"name\":\"Vintagella Moda\",\"url\":\"https:\\\/\\\/vintagellamoda.com\\\/de\\\/\",\"logo\":{\"@type\":\"ImageObject\",\"inLanguage\":\"de\",\"@id\":\"https:\\\/\\\/vintagellamoda.com\\\/de\\\/#\\\/schema\\\/logo\\\/image\\\/\",\"url\":\"https:\\\/\\\/vintagellamoda.com\\\/wp-content\\\/uploads\\\/2025\\\/11\\\/favicon.png\",\"contentUrl\":\"https:\\\/\\\/vintagellamoda.com\\\/wp-content\\\/uploads\\\/2025\\\/11\\\/favicon.png\",\"width\":2000,\"height\":2000,\"caption\":\"Vintagella Moda\"},\"image\":{\"@id\":\"https:\\\/\\\/vintagellamoda.com\\\/de\\\/#\\\/schema\\\/logo\\\/image\\\/\"},\"sameAs\":[\"https:\\\/\\\/www.facebook.com\\\/profile.php?id=61583665421269\",\"https:\\\/\\\/www.instagram.com\\\/vintagellamoda\\\/\",\"https:\\\/\\\/de.pinterest.com\\\/vintagellamoda\"]}]}<\/script>\n<!-- \/ Yoast SEO plugin. -->","yoast_head_json":{"title":"Lieferbedingungen \u2013 Vintagella Moda | Versand & R\u00fcckgabe","description":"Lesen Sie die Lieferbedingungen von Vintagella Moda. Versand innerhalb Deutschlands, 3\u20135 Tage, 6 \u20ac R\u00fccksendekosten und 14-t\u00e4giges Widerrufsrecht.","robots":{"index":"index","follow":"follow","max-snippet":"max-snippet:-1","max-image-preview":"max-image-preview:large","max-video-preview":"max-video-preview:-1"},"canonical":"https:\/\/vintagellamoda.com\/de\/lieferbedingungen\/","og_locale":"de_DE","og_type":"article","og_title":"Lieferbedingungen \u2013 Vintagella Moda | Versand & R\u00fcckgabe","og_description":"Lesen Sie die Lieferbedingungen von Vintagella Moda. Versand innerhalb Deutschlands, 3\u20135 Tage, 6 \u20ac R\u00fccksendekosten und 14-t\u00e4giges Widerrufsrecht.","og_url":"https:\/\/vintagellamoda.com\/de\/lieferbedingungen\/","og_site_name":"Vintagella Moda","article_publisher":"https:\/\/www.facebook.com\/profile.php?id=61583665421269","article_modified_time":"2025-10-27T20:19:47+00:00","twitter_card":"summary_large_image","twitter_misc":{"Gesch\u00e4tzte Lesezeit":"2\u00a0Minuten"},"schema":{"@context":"https:\/\/schema.org","@graph":[{"@type":"WebPage","@id":"https:\/\/vintagellamoda.com\/de\/lieferbedingungen\/","url":"https:\/\/vintagellamoda.com\/de\/lieferbedingungen\/","name":"Lieferbedingungen \u2013 Vintagella Moda | Versand & R\u00fcckgabe","isPartOf":{"@id":"https:\/\/vintagellamoda.com\/de\/#website"},"datePublished":"2025-08-26T07:11:51+00:00","dateModified":"2025-10-27T20:19:47+00:00","description":"Lesen Sie die Lieferbedingungen von Vintagella Moda. Versand innerhalb Deutschlands, 3\u20135 Tage, 6 \u20ac R\u00fccksendekosten und 14-t\u00e4giges Widerrufsrecht.","breadcrumb":{"@id":"https:\/\/vintagellamoda.com\/de\/lieferbedingungen\/#breadcrumb"},"inLanguage":"de","potentialAction":[{"@type":"ReadAction","target":["https:\/\/vintagellamoda.com\/de\/lieferbedingungen\/"]}]},{"@type":"BreadcrumbList","@id":"https:\/\/vintagellamoda.com\/de\/lieferbedingungen\/#breadcrumb","itemListElement":[{"@type":"ListItem","position":1,"name":"Home","item":"https:\/\/vintagellamoda.com\/de\/"},{"@type":"ListItem","position":2,"name":"Lieferbedingungen"}]},{"@type":"WebSite","@id":"https:\/\/vintagellamoda.com\/de\/#website","url":"https:\/\/vintagellamoda.com\/de\/","name":"Vintagella Moda","description":"Italo vintage moda \u2014 Italian vintage fashion","publisher":{"@id":"https:\/\/vintagellamoda.com\/de\/#organization"},"potentialAction":[{"@type":"SearchAction","target":{"@type":"EntryPoint","urlTemplate":"https:\/\/vintagellamoda.com\/de\/?s={search_term_string}"},"query-input":{"@type":"PropertyValueSpecification","valueRequired":true,"valueName":"search_term_string"}}],"inLanguage":"de"},{"@type":"Organization","@id":"https:\/\/vintagellamoda.com\/de\/#organization","name":"Vintagella Moda","url":"https:\/\/vintagellamoda.com\/de\/","logo":{"@type":"ImageObject","inLanguage":"de","@id":"https:\/\/vintagellamoda.com\/de\/#\/schema\/logo\/image\/","url":"https:\/\/vintagellamoda.com\/wp-content\/uploads\/2025\/11\/favicon.png","contentUrl":"https:\/\/vintagellamoda.com\/wp-content\/uploads\/2025\/11\/favicon.png","width":2000,"height":2000,"caption":"Vintagella Moda"},"image":{"@id":"https:\/\/vintagellamoda.com\/de\/#\/schema\/logo\/image\/"},"sameAs":["https:\/\/www.facebook.com\/profile.php?id=61583665421269","https:\/\/www.instagram.com\/vintagellamoda\/","https:\/\/de.pinterest.com\/vintagellamoda"]}]}},"_links":{"self":[{"href":"https:\/\/vintagellamoda.com\/de\/wp-json\/wp\/v2\/pages\/4920","targetHints":{"allow":["GET"]}}],"collection":[{"href":"https:\/\/vintagellamoda.com\/de\/wp-json\/wp\/v2\/pages"}],"about":[{"href":"https:\/\/vintagellamoda.com\/de\/wp-json\/wp\/v2\/types\/page"}],"author":[{"embeddable":true,"href":"https:\/\/vintagellamoda.com\/de\/wp-json\/wp\/v2\/users\/3"}],"replies":[{"embeddable":true,"href":"https:\/\/vintagellamoda.com\/de\/wp-json\/wp\/v2\/comments?post=4920"}],"version-history":[{"count":0,"href":"https:\/\/vintagellamoda.com\/de\/wp-json\/wp\/v2\/pages\/4920\/revisions"}],"wp:attachment":[{"href":"https:\/\/vintagellamoda.com\/de\/wp-json\/wp\/v2\/media?parent=4920"}],"wp:term":[{"taxonomy":"folder","embeddable":true,"href":"https:\/\/vintagellamoda.com\/de\/wp-json\/wp\/v2\/folder?post=4920"}],"curies":[{"name":"wp","href":"https:\/\/api.w.org\/{rel}","templated":true}]}}