{"id":4898,"date":"2017-07-31T07:54:18","date_gmt":"2017-07-31T07:54:18","guid":{"rendered":"https:\/\/vintagellamoda.com\/ueber-vintagella-moda\/"},"modified":"2025-10-29T08:00:33","modified_gmt":"2025-10-29T08:00:33","slug":"ueber-vintagella-moda","status":"publish","type":"page","link":"https:\/\/vintagellamoda.com\/de\/ueber-vintagella-moda\/","title":{"rendered":"\u00dcber Vintagella Moda"},"content":{"rendered":"<div class=\"wpb-content-wrapper\"><p>[vc_row row_content_width=&#8220;grid&#8220;][vc_column][vc_single_image image=&#8220;4899&#8243; img_size=&#8220;full&#8220; alignment=&#8220;center&#8220; css=&#8220;&#8220;][\/vc_column][\/vc_row][vc_row row_content_width=&#8220;grid&#8220; css=&#8220;.vc_custom_1502288771587{padding-top: 98px !important;padding-bottom: 100px !important;}&#8220;][vc_column]<div class=\"eltdf-elements-holder eltdf-responsive-mode-768\" ><div class=\"eltdf-eh-item eltdf-horizontal-alignment-center\" data-item-class=\"eltdf-eh-custom-108313\" data-1280-1600=\"0 23%\" data-1024-1280=\"0 18%\" data-768-1024=\"0 9%\" data-600-768=\"0 3%\" data-480-600=\"0 8%\" data-480=\"0 8%\">\n\t<div class=\"eltdf-eh-item-background-holder\">\n\t\t<div class=\"eltdf-eh-item-background-holder\">\n\t\t\t<div class=\"eltdf-eh-item-background\" ><\/div>\n\t\t<\/div>\n\t<\/div>\n\t<div class=\"eltdf-eh-item-inner\">\n\t\t<div class=\"eltdf-eh-item-content eltdf-eh-custom-108313\" style=\"padding: 0 23%\">\n\t\t\t[vc_column_text css=&#8220;&#8220;]<\/p>\n<h2><strong data-start=\"285\" data-end=\"310\">\u00dcber Vintagella Moda<\/strong><\/h2>\n<p>[\/vc_column_text][vc_empty_space height=&#8220;12px&#8220;][vc_column_text css=&#8220;&#8220;]<\/p>\n<p class=\"\" data-start=\"278\" data-end=\"489\">Bei Vintagella Moda glauben wir an zeitlosen Stil mit einer Geschichte. Unsere sorgf\u00e4ltig kuratierte Vintage-Kollektion zelebriert die unschlagbare Qualit\u00e4t und Eleganz von Kleidungsst\u00fccken Made in Italy \u2013 dem wahren Herzst\u00fcck unserer Marke.<\/p>\n<p class=\"\" data-start=\"491\" data-end=\"874\">Von scharfen Schneidereien bis hin zu weichen Strickwaren stammen fast alle unsere St\u00fccke aus Italien, mit einer Handvoll seltener Fundst\u00fccke aus Frankreich und den USA. Wir sind stolz darauf, bald eine neue Art des Einkaufens vorzustellen: nach Herkunft \u2013 wobei wir unsere Kernkollektion <em data-start=\"715\" data-end=\"730\">Made in Italy<\/em> von ausgew\u00e4hlten <em data-start=\"754\" data-end=\"776\">internationalen St\u00fccken<\/em> unterscheiden. Denn wenn es um Handwerkskunst, Stoff und Verarbeitung geht, ist nichts mit italienischer Vintage vergleichbar.<\/p>\n<p class=\"\" data-start=\"876\" data-end=\"1198\">Hinter der Kollektion steht Sasha Gella \u2013 italienische Modestylistin, Gr\u00fcnderin und der kreative Geist von Vintagella Moda. Mit einem Hintergrund in der Modelwelt und jahrelanger Erfahrung in der Beratung von Kunden auf der ganzen Welt hat Sasha eine Marke aufgebaut, die in Individualit\u00e4t, Nachhaltigkeit und Stil verwurzelt ist. Ihre Philosophie ist einfach:<\/p>\n<blockquote data-start=\"1199\" data-end=\"1333\">\n<p class=\"\" data-start=\"1201\" data-end=\"1333\"><em data-start=\"1201\" data-end=\"1333\">\u201eKleidung sollte feiern, wer Sie sind \u2013 Ihren K\u00f6rper, Ihren Lebensstil, Ihre Pers\u00f6nlichkeit. Das Ziel? Gl\u00fcckliche Kunden mit einem L\u00e4cheln im Gesicht.\u201c<\/em><\/p>\n<\/blockquote>\n<p class=\"\" data-start=\"1335\" data-end=\"1603\">Sashas Leidenschaft f\u00fcr Vintage-Mode, k\u00f6rperbewusstes Styling und allt\u00e4gliche Eleganz kommt in jedem St\u00fcck zum Ausdruck, das sie ausw\u00e4hlt \u2013 und in jedem Artikel, den sie in ihrem Blog teilt, wo Sie mehr \u00fcber italienischen Stil, Garderobentipps und das selbstbewusste Tragen von Vintage erfahren k\u00f6nnen.<\/p>\n<p class=\"\" data-start=\"1605\" data-end=\"1760\">Wir laden Sie ein, die Vintagella Moda-Kollektion zu erkunden und Vintage-Mode mit Seele zu entdecken \u2013 gef\u00fchrt von Sashas fachkundigem Auge und geschaffen f\u00fcr das moderne Leben.<\/p>\n<p>[\/vc_column_text][vc_empty_space height=&#8220;40px&#8220;][vc_single_image image=&#8220;4900&#8243; img_size=&#8220;medium&#8220; alignment=&#8220;center&#8220; css=&#8220;&#8220;]\t\t<\/div>\n\t<\/div>\n<\/div><\/div>[\/vc_column][\/vc_row]<\/p>\n<\/div>","protected":false},"excerpt":{"rendered":"<p>[vc_row row_content_width=&#8220;grid&#8220;][vc_column][vc_single_image image=&#8220;4899&#8243; img_size=&#8220;full&#8220; alignment=&#8220;center&#8220; css=&#8220;&#8220;][\/vc_column][\/vc_row][vc_row row_content_width=&#8220;grid&#8220; css=&#8220;.vc_custom_1502288771587{padding-top: 98px !important;padding-bottom: 100px !important;}&#8220;][vc_column][\/vc_column][\/vc_row]<\/p>\n","protected":false},"author":3,"featured_media":0,"parent":0,"menu_order":0,"comment_status":"closed","ping_status":"closed","template":"","meta":{"footnotes":""},"folder":[],"class_list":["post-4898","page","type-page","status-publish","hentry"],"yoast_head":"<!-- This site is optimized with the Yoast SEO plugin v27.3 - https:\/\/yoast.com\/product\/yoast-seo-wordpress\/ -->\n<title>\u00dcber Vintagella Moda - Vintagella Moda<\/title>\n<meta name=\"description\" content=\"Erfahren Sie mehr \u00fcber die Geschichte von Vintagella Moda \u2013 einer Vintage-Modemarke, die in italienischer Eleganz verwurzelt ist und von der Stylistin Sasha Gella mit Fokus auf Nachhaltigkeit, Stil und Individualit\u00e4t kuratiert wird.\" \/>\n<meta name=\"robots\" content=\"index, follow, max-snippet:-1, max-image-preview:large, max-video-preview:-1\" \/>\n<link rel=\"canonical\" href=\"https:\/\/vintagellamoda.com\/de\/ueber-vintagella-moda\/\" \/>\n<meta property=\"og:locale\" content=\"de_DE\" \/>\n<meta property=\"og:type\" content=\"article\" \/>\n<meta property=\"og:title\" content=\"\u00dcber Vintagella Moda - Vintagella Moda\" \/>\n<meta property=\"og:description\" content=\"Erfahren Sie mehr \u00fcber die Geschichte von Vintagella Moda \u2013 einer Vintage-Modemarke, die in italienischer Eleganz verwurzelt ist und von der Stylistin Sasha Gella mit Fokus auf Nachhaltigkeit, Stil und Individualit\u00e4t kuratiert wird.\" \/>\n<meta property=\"og:url\" content=\"https:\/\/vintagellamoda.com\/de\/ueber-vintagella-moda\/\" \/>\n<meta property=\"og:site_name\" content=\"Vintagella Moda\" \/>\n<meta property=\"article:publisher\" content=\"https:\/\/www.facebook.com\/profile.php?id=61583665421269\" \/>\n<meta property=\"article:modified_time\" content=\"2025-10-29T08:00:33+00:00\" \/>\n<meta name=\"twitter:card\" content=\"summary_large_image\" \/>\n<meta name=\"twitter:label1\" content=\"Gesch\u00e4tzte Lesezeit\" \/>\n\t<meta name=\"twitter:data1\" content=\"2\u00a0Minuten\" \/>\n<script type=\"application\/ld+json\" class=\"yoast-schema-graph\">{\"@context\":\"https:\\\/\\\/schema.org\",\"@graph\":[{\"@type\":\"WebPage\",\"@id\":\"https:\\\/\\\/vintagellamoda.com\\\/de\\\/ueber-vintagella-moda\\\/\",\"url\":\"https:\\\/\\\/vintagellamoda.com\\\/de\\\/ueber-vintagella-moda\\\/\",\"name\":\"\u00dcber Vintagella Moda - Vintagella Moda\",\"isPartOf\":{\"@id\":\"https:\\\/\\\/vintagellamoda.com\\\/de\\\/#website\"},\"datePublished\":\"2017-07-31T07:54:18+00:00\",\"dateModified\":\"2025-10-29T08:00:33+00:00\",\"description\":\"Erfahren Sie mehr \u00fcber die Geschichte von Vintagella Moda \u2013 einer Vintage-Modemarke, die in italienischer Eleganz verwurzelt ist und von der Stylistin Sasha Gella mit Fokus auf Nachhaltigkeit, Stil und Individualit\u00e4t kuratiert wird.\",\"breadcrumb\":{\"@id\":\"https:\\\/\\\/vintagellamoda.com\\\/de\\\/ueber-vintagella-moda\\\/#breadcrumb\"},\"inLanguage\":\"de\",\"potentialAction\":[{\"@type\":\"ReadAction\",\"target\":[\"https:\\\/\\\/vintagellamoda.com\\\/de\\\/ueber-vintagella-moda\\\/\"]}]},{\"@type\":\"BreadcrumbList\",\"@id\":\"https:\\\/\\\/vintagellamoda.com\\\/de\\\/ueber-vintagella-moda\\\/#breadcrumb\",\"itemListElement\":[{\"@type\":\"ListItem\",\"position\":1,\"name\":\"Home\",\"item\":\"https:\\\/\\\/vintagellamoda.com\\\/de\\\/\"},{\"@type\":\"ListItem\",\"position\":2,\"name\":\"\u00dcber Vintagella Moda\"}]},{\"@type\":\"WebSite\",\"@id\":\"https:\\\/\\\/vintagellamoda.com\\\/de\\\/#website\",\"url\":\"https:\\\/\\\/vintagellamoda.com\\\/de\\\/\",\"name\":\"Vintagella Moda\",\"description\":\"Italo vintage moda \u2014 Italian vintage fashion\",\"publisher\":{\"@id\":\"https:\\\/\\\/vintagellamoda.com\\\/de\\\/#organization\"},\"potentialAction\":[{\"@type\":\"SearchAction\",\"target\":{\"@type\":\"EntryPoint\",\"urlTemplate\":\"https:\\\/\\\/vintagellamoda.com\\\/de\\\/?s={search_term_string}\"},\"query-input\":{\"@type\":\"PropertyValueSpecification\",\"valueRequired\":true,\"valueName\":\"search_term_string\"}}],\"inLanguage\":\"de\"},{\"@type\":\"Organization\",\"@id\":\"https:\\\/\\\/vintagellamoda.com\\\/de\\\/#organization\",\"name\":\"Vintagella Moda\",\"url\":\"https:\\\/\\\/vintagellamoda.com\\\/de\\\/\",\"logo\":{\"@type\":\"ImageObject\",\"inLanguage\":\"de\",\"@id\":\"https:\\\/\\\/vintagellamoda.com\\\/de\\\/#\\\/schema\\\/logo\\\/image\\\/\",\"url\":\"https:\\\/\\\/vintagellamoda.com\\\/wp-content\\\/uploads\\\/2025\\\/11\\\/favicon.png\",\"contentUrl\":\"https:\\\/\\\/vintagellamoda.com\\\/wp-content\\\/uploads\\\/2025\\\/11\\\/favicon.png\",\"width\":2000,\"height\":2000,\"caption\":\"Vintagella Moda\"},\"image\":{\"@id\":\"https:\\\/\\\/vintagellamoda.com\\\/de\\\/#\\\/schema\\\/logo\\\/image\\\/\"},\"sameAs\":[\"https:\\\/\\\/www.facebook.com\\\/profile.php?id=61583665421269\",\"https:\\\/\\\/www.instagram.com\\\/vintagellamoda\\\/\",\"https:\\\/\\\/de.pinterest.com\\\/vintagellamoda\"]}]}<\/script>\n<!-- \/ Yoast SEO plugin. -->","yoast_head_json":{"title":"\u00dcber Vintagella Moda - Vintagella Moda","description":"Erfahren Sie mehr \u00fcber die Geschichte von Vintagella Moda \u2013 einer Vintage-Modemarke, die in italienischer Eleganz verwurzelt ist und von der Stylistin Sasha Gella mit Fokus auf Nachhaltigkeit, Stil und Individualit\u00e4t kuratiert wird.","robots":{"index":"index","follow":"follow","max-snippet":"max-snippet:-1","max-image-preview":"max-image-preview:large","max-video-preview":"max-video-preview:-1"},"canonical":"https:\/\/vintagellamoda.com\/de\/ueber-vintagella-moda\/","og_locale":"de_DE","og_type":"article","og_title":"\u00dcber Vintagella Moda - Vintagella Moda","og_description":"Erfahren Sie mehr \u00fcber die Geschichte von Vintagella Moda \u2013 einer Vintage-Modemarke, die in italienischer Eleganz verwurzelt ist und von der Stylistin Sasha Gella mit Fokus auf Nachhaltigkeit, Stil und Individualit\u00e4t kuratiert wird.","og_url":"https:\/\/vintagellamoda.com\/de\/ueber-vintagella-moda\/","og_site_name":"Vintagella Moda","article_publisher":"https:\/\/www.facebook.com\/profile.php?id=61583665421269","article_modified_time":"2025-10-29T08:00:33+00:00","twitter_card":"summary_large_image","twitter_misc":{"Gesch\u00e4tzte Lesezeit":"2\u00a0Minuten"},"schema":{"@context":"https:\/\/schema.org","@graph":[{"@type":"WebPage","@id":"https:\/\/vintagellamoda.com\/de\/ueber-vintagella-moda\/","url":"https:\/\/vintagellamoda.com\/de\/ueber-vintagella-moda\/","name":"\u00dcber Vintagella Moda - Vintagella Moda","isPartOf":{"@id":"https:\/\/vintagellamoda.com\/de\/#website"},"datePublished":"2017-07-31T07:54:18+00:00","dateModified":"2025-10-29T08:00:33+00:00","description":"Erfahren Sie mehr \u00fcber die Geschichte von Vintagella Moda \u2013 einer Vintage-Modemarke, die in italienischer Eleganz verwurzelt ist und von der Stylistin Sasha Gella mit Fokus auf Nachhaltigkeit, Stil und Individualit\u00e4t kuratiert wird.","breadcrumb":{"@id":"https:\/\/vintagellamoda.com\/de\/ueber-vintagella-moda\/#breadcrumb"},"inLanguage":"de","potentialAction":[{"@type":"ReadAction","target":["https:\/\/vintagellamoda.com\/de\/ueber-vintagella-moda\/"]}]},{"@type":"BreadcrumbList","@id":"https:\/\/vintagellamoda.com\/de\/ueber-vintagella-moda\/#breadcrumb","itemListElement":[{"@type":"ListItem","position":1,"name":"Home","item":"https:\/\/vintagellamoda.com\/de\/"},{"@type":"ListItem","position":2,"name":"\u00dcber Vintagella Moda"}]},{"@type":"WebSite","@id":"https:\/\/vintagellamoda.com\/de\/#website","url":"https:\/\/vintagellamoda.com\/de\/","name":"Vintagella Moda","description":"Italo vintage moda \u2014 Italian vintage fashion","publisher":{"@id":"https:\/\/vintagellamoda.com\/de\/#organization"},"potentialAction":[{"@type":"SearchAction","target":{"@type":"EntryPoint","urlTemplate":"https:\/\/vintagellamoda.com\/de\/?s={search_term_string}"},"query-input":{"@type":"PropertyValueSpecification","valueRequired":true,"valueName":"search_term_string"}}],"inLanguage":"de"},{"@type":"Organization","@id":"https:\/\/vintagellamoda.com\/de\/#organization","name":"Vintagella Moda","url":"https:\/\/vintagellamoda.com\/de\/","logo":{"@type":"ImageObject","inLanguage":"de","@id":"https:\/\/vintagellamoda.com\/de\/#\/schema\/logo\/image\/","url":"https:\/\/vintagellamoda.com\/wp-content\/uploads\/2025\/11\/favicon.png","contentUrl":"https:\/\/vintagellamoda.com\/wp-content\/uploads\/2025\/11\/favicon.png","width":2000,"height":2000,"caption":"Vintagella Moda"},"image":{"@id":"https:\/\/vintagellamoda.com\/de\/#\/schema\/logo\/image\/"},"sameAs":["https:\/\/www.facebook.com\/profile.php?id=61583665421269","https:\/\/www.instagram.com\/vintagellamoda\/","https:\/\/de.pinterest.com\/vintagellamoda"]}]}},"_links":{"self":[{"href":"https:\/\/vintagellamoda.com\/de\/wp-json\/wp\/v2\/pages\/4898","targetHints":{"allow":["GET"]}}],"collection":[{"href":"https:\/\/vintagellamoda.com\/de\/wp-json\/wp\/v2\/pages"}],"about":[{"href":"https:\/\/vintagellamoda.com\/de\/wp-json\/wp\/v2\/types\/page"}],"author":[{"embeddable":true,"href":"https:\/\/vintagellamoda.com\/de\/wp-json\/wp\/v2\/users\/3"}],"replies":[{"embeddable":true,"href":"https:\/\/vintagellamoda.com\/de\/wp-json\/wp\/v2\/comments?post=4898"}],"version-history":[{"count":0,"href":"https:\/\/vintagellamoda.com\/de\/wp-json\/wp\/v2\/pages\/4898\/revisions"}],"wp:attachment":[{"href":"https:\/\/vintagellamoda.com\/de\/wp-json\/wp\/v2\/media?parent=4898"}],"wp:term":[{"taxonomy":"folder","embeddable":true,"href":"https:\/\/vintagellamoda.com\/de\/wp-json\/wp\/v2\/folder?post=4898"}],"curies":[{"name":"wp","href":"https:\/\/api.w.org\/{rel}","templated":true}]}}